{"id":5287,"date":"2018-03-07T15:13:28","date_gmt":"2018-03-07T15:13:28","guid":{"rendered":"http:\/\/pilarbande.com\/eshop-wedding-dresses-made-to-order-in-galicia-spain\/"},"modified":"2023-11-08T19:55:23","modified_gmt":"2023-11-08T19:55:23","slug":"eshop-wedding-dresses-made-to-order-in-galicia-spain","status":"publish","type":"page","link":"https:\/\/pilarbande.com\/en\/eshop-wedding-dresses-made-to-order-in-galicia-spain\/","title":{"rendered":"Eshop &#8211; Wedding dresses made to order in Galicia, Spain"},"content":{"rendered":"<p>[et_pb_section fb_built=&#8221;1&#8243; fullwidth=&#8221;on&#8221; _builder_version=&#8221;4.16&#8243; custom_padding=&#8221;62px|||&#8221; global_colors_info=&#8221;{}&#8221;][\/et_pb_section][et_pb_section fb_built=&#8221;1&#8243; _builder_version=&#8221;4.23.1&#8243; _module_preset=&#8221;default&#8221; width=&#8221;100%&#8221; max_width=&#8221;100%&#8221; global_colors_info=&#8221;{}&#8221;][et_pb_row column_structure=&#8221;1_4,1_4,1_4,1_4&#8243; _builder_version=&#8221;4.23.1&#8243; _module_preset=&#8221;default&#8221; width=&#8221;100%&#8221; max_width=&#8221;100%&#8221; global_colors_info=&#8221;{}&#8221;][et_pb_column type=&#8221;1_4&#8243; _builder_version=&#8221;4.23.1&#8243; _module_preset=&#8221;default&#8221; global_colors_info=&#8221;{}&#8221;][et_pb_image src=&#8221;https:\/\/pilarbande.com\/wp-content\/uploads\/2017\/10\/ves01.jpg&#8221; title_text=&#8221;ves01&#8243; url=&#8221;https:\/\/pilarbande.com\/en\/wedding-dress-in-ivory-organza-victoria\/&#8221; admin_label=&#8221;Imagen&#8221; _builder_version=&#8221;4.23.1&#8243; _module_preset=&#8221;default&#8221; hover_enabled=&#8221;0&#8243; global_colors_info=&#8221;{}&#8221; use_overlay=&#8221;on&#8221; hover_overlay_color=&#8221;rgba(255,255,255,0.25)&#8221; overlay_icon_color=&#8221;#FFFFFF&#8221; sticky_enabled=&#8221;0&#8243;][\/et_pb_image][\/et_pb_column][et_pb_column type=&#8221;1_4&#8243; _builder_version=&#8221;4.23.1&#8243; _module_preset=&#8221;default&#8221; global_colors_info=&#8221;{}&#8221;][et_pb_image src=&#8221;https:\/\/pilarbande.com\/wp-content\/uploads\/2017\/10\/ves02.jpg&#8221; title_text=&#8221;ves02&#8243; url=&#8221;https:\/\/pilarbande.com\/en\/wedding-dress-composed-of-2-dresses-camille\/&#8221; admin_label=&#8221;Imagen&#8221; _builder_version=&#8221;4.23.1&#8243; _module_preset=&#8221;default&#8221; hover_enabled=&#8221;0&#8243; global_colors_info=&#8221;{}&#8221; use_overlay=&#8221;on&#8221; hover_overlay_color=&#8221;rgba(255,255,255,0.25)&#8221; overlay_icon_color=&#8221;#ffffff&#8221; sticky_enabled=&#8221;0&#8243;][\/et_pb_image][\/et_pb_column][et_pb_column type=&#8221;1_4&#8243; _builder_version=&#8221;4.23.1&#8243; _module_preset=&#8221;default&#8221; global_colors_info=&#8221;{}&#8221;][et_pb_image src=&#8221;https:\/\/pilarbande.com\/wp-content\/uploads\/2017\/10\/ves03.jpg&#8221; title_text=&#8221;ves03&#8243; url=&#8221;https:\/\/pilarbande.com\/en\/satin-crepe-wedding-dress-juliette\/&#8221; admin_label=&#8221;Imagen&#8221; _builder_version=&#8221;4.23.1&#8243; _module_preset=&#8221;default&#8221; hover_enabled=&#8221;0&#8243; global_colors_info=&#8221;{}&#8221; use_overlay=&#8221;on&#8221; overlay_icon_color=&#8221;#FFFFFF&#8221; hover_overlay_color=&#8221;rgba(255,255,255,0.25)&#8221; sticky_enabled=&#8221;0&#8243;][\/et_pb_image][\/et_pb_column][et_pb_column type=&#8221;1_4&#8243; _builder_version=&#8221;4.23.1&#8243; _module_preset=&#8221;default&#8221; global_colors_info=&#8221;{}&#8221;][et_pb_image src=&#8221;https:\/\/pilarbande.com\/wp-content\/uploads\/2017\/10\/ves04.jpg&#8221; title_text=&#8221;ves04&#8243; url=&#8221;https:\/\/pilarbande.com\/en\/wedding-dress-in-italian-silk-marie\/&#8221; admin_label=&#8221;Imagen&#8221; _builder_version=&#8221;4.23.1&#8243; _module_preset=&#8221;default&#8221; hover_enabled=&#8221;0&#8243; global_colors_info=&#8221;{}&#8221; use_overlay=&#8221;on&#8221; overlay_icon_color=&#8221;#ffffff&#8221; hover_overlay_color=&#8221;rgba(255,255,255,0.25)&#8221; sticky_enabled=&#8221;0&#8243;][\/et_pb_image][\/et_pb_column][\/et_pb_row][et_pb_row _builder_version=&#8221;4.23.1&#8243; _module_preset=&#8221;default&#8221; global_colors_info=&#8221;{}&#8221;][et_pb_column type=&#8221;4_4&#8243; _builder_version=&#8221;4.23.1&#8243; _module_preset=&#8221;default&#8221; global_colors_info=&#8221;{}&#8221;][et_pb_divider show_divider=&#8221;off&#8221; _builder_version=&#8221;4.23.1&#8243; _module_preset=&#8221;default&#8221; global_colors_info=&#8221;{}&#8221;][\/et_pb_divider][et_pb_divider show_divider=&#8221;off&#8221; _builder_version=&#8221;4.23.1&#8243; _module_preset=&#8221;default&#8221; global_colors_info=&#8221;{}&#8221;][\/et_pb_divider][\/et_pb_column][\/et_pb_row][et_pb_row column_structure=&#8221;1_4,1_4,1_4,1_4&#8243; _builder_version=&#8221;4.23.1&#8243; _module_preset=&#8221;default&#8221; width=&#8221;100%&#8221; max_width=&#8221;100%&#8221; global_colors_info=&#8221;{}&#8221;][et_pb_column type=&#8221;1_4&#8243; _builder_version=&#8221;4.23.1&#8243; _module_preset=&#8221;default&#8221; global_colors_info=&#8221;{}&#8221;][et_pb_image src=&#8221;https:\/\/pilarbande.com\/wp-content\/uploads\/2017\/10\/ves05.jpg&#8221; title_text=&#8221;ves05&#8243; url=&#8221;https:\/\/pilarbande.com\/en\/wedding-dress-in-crepe-bianca\/&#8221; admin_label=&#8221;Imagen&#8221; _builder_version=&#8221;4.23.1&#8243; _module_preset=&#8221;default&#8221; hover_enabled=&#8221;0&#8243; global_colors_info=&#8221;{}&#8221; use_overlay=&#8221;on&#8221; overlay_icon_color=&#8221;#ffffff&#8221; hover_overlay_color=&#8221;rgba(255,255,255,0.25)&#8221; sticky_enabled=&#8221;0&#8243;][\/et_pb_image][\/et_pb_column][et_pb_column type=&#8221;1_4&#8243; _builder_version=&#8221;4.23.1&#8243; _module_preset=&#8221;default&#8221; global_colors_info=&#8221;{}&#8221;][et_pb_image src=&#8221;https:\/\/pilarbande.com\/wp-content\/uploads\/2017\/10\/ves06.jpg&#8221; title_text=&#8221;ves06&#8243; url=&#8221;https:\/\/pilarbande.com\/en\/taffeta-and-plumeti-tulle-wedding-dress-isabelle\/&#8221; admin_label=&#8221;Imagen&#8221; _builder_version=&#8221;4.23.1&#8243; _module_preset=&#8221;default&#8221; hover_enabled=&#8221;0&#8243; global_colors_info=&#8221;{}&#8221; use_overlay=&#8221;on&#8221; overlay_icon_color=&#8221;#ffffff&#8221; hover_overlay_color=&#8221;rgba(255,255,255,0.25)&#8221; sticky_enabled=&#8221;0&#8243;][\/et_pb_image][\/et_pb_column][et_pb_column type=&#8221;1_4&#8243; _builder_version=&#8221;4.23.1&#8243; _module_preset=&#8221;default&#8221; global_colors_info=&#8221;{}&#8221;][et_pb_image src=&#8221;https:\/\/pilarbande.com\/wp-content\/uploads\/2017\/10\/ves07.jpg&#8221; title_text=&#8221;ves07&#8243; url=&#8221;https:\/\/pilarbande.com\/en\/wedding-dress-composed-of-2-dresses-carlota\/&#8221; admin_label=&#8221;Imagen&#8221; _builder_version=&#8221;4.23.1&#8243; _module_preset=&#8221;default&#8221; hover_enabled=&#8221;0&#8243; global_colors_info=&#8221;{}&#8221; use_overlay=&#8221;on&#8221; hover_overlay_color=&#8221;rgba(255,255,255,0.25)&#8221; sticky_enabled=&#8221;0&#8243; overlay_icon_color=&#8221;#ffffff&#8221;][\/et_pb_image][\/et_pb_column][et_pb_column type=&#8221;1_4&#8243; _builder_version=&#8221;4.23.1&#8243; _module_preset=&#8221;default&#8221; global_colors_info=&#8221;{}&#8221;][et_pb_image src=&#8221;https:\/\/pilarbande.com\/wp-content\/uploads\/2017\/10\/ves08.jpg&#8221; title_text=&#8221;ves08&#8243; url=&#8221;https:\/\/pilarbande.com\/en\/wedding-dress-composed-of-2-dresses-amelie\/&#8221; admin_label=&#8221;Imagen&#8221; _builder_version=&#8221;4.23.1&#8243; _module_preset=&#8221;default&#8221; hover_enabled=&#8221;0&#8243; global_colors_info=&#8221;{}&#8221; use_overlay=&#8221;on&#8221; overlay_icon_color=&#8221;#ffffff&#8221; hover_overlay_color=&#8221;rgba(255,255,255,0.25)&#8221; sticky_enabled=&#8221;0&#8243;][\/et_pb_image][\/et_pb_column][\/et_pb_row][\/et_pb_section][et_pb_section fb_built=&#8221;1&#8243; _builder_version=&#8221;4.16&#8243; global_colors_info=&#8221;{}&#8221;][et_pb_row _builder_version=&#8221;4.16&#8243; background_size=&#8221;initial&#8221; background_position=&#8221;top_left&#8221; background_repeat=&#8221;repeat&#8221; global_colors_info=&#8221;{}&#8221;][et_pb_column type=&#8221;4_4&#8243; _builder_version=&#8221;4.16&#8243; custom_padding=&#8221;|||&#8221; global_colors_info=&#8221;{}&#8221; custom_padding__hover=&#8221;|||&#8221;][et_pb_divider show_divider=&#8221;off&#8221; disabled_on=&#8221;on|on|off&#8221; _builder_version=&#8221;4.16&#8243; height=&#8221;51px&#8221; hide_on_mobile=&#8221;on&#8221; global_colors_info=&#8221;{}&#8221;][\/et_pb_divider][\/et_pb_column][\/et_pb_row][\/et_pb_section][et_pb_section fb_built=&#8221;1&#8243; _builder_version=&#8221;3.22&#8243; global_module=&#8221;744&#8243; global_colors_info=&#8221;{}&#8221;][et_pb_row _builder_version=&#8221;4.16&#8243; background_size=&#8221;initial&#8221; background_position=&#8221;top_left&#8221; background_repeat=&#8221;repeat&#8221; global_colors_info=&#8221;{}&#8221;][et_pb_column type=&#8221;4_4&#8243; _builder_version=&#8221;4.16&#8243; custom_padding=&#8221;|||&#8221; global_colors_info=&#8221;{}&#8221; custom_padding__hover=&#8221;|||&#8221;][et_pb_divider show_divider=&#8221;off&#8221; _builder_version=&#8221;4.16&#8243; _module_preset=&#8221;default&#8221; global_colors_info=&#8221;{}&#8221;][\/et_pb_divider][et_pb_divider show_divider=&#8221;off&#8221; _builder_version=&#8221;4.16&#8243; _module_preset=&#8221;default&#8221; global_colors_info=&#8221;{}&#8221;][\/et_pb_divider][et_pb_divider show_divider=&#8221;off&#8221; _builder_version=&#8221;4.16&#8243; _module_preset=&#8221;default&#8221; global_colors_info=&#8221;{}&#8221;][\/et_pb_divider][et_pb_divider show_divider=&#8221;off&#8221; _builder_version=&#8221;4.16&#8243; _module_preset=&#8221;default&#8221; global_colors_info=&#8221;{}&#8221;][\/et_pb_divider][\/et_pb_column][\/et_pb_row][et_pb_row column_structure=&#8221;1_5,1_5,1_5,1_5,1_5&#8243; _builder_version=&#8221;4.16&#8243; background_size=&#8221;initial&#8221; background_position=&#8221;top_left&#8221; background_repeat=&#8221;repeat&#8221; global_colors_info=&#8221;{}&#8221;][et_pb_column type=&#8221;1_5&#8243; _builder_version=&#8221;4.16&#8243; custom_padding=&#8221;|||&#8221; global_colors_info=&#8221;{}&#8221; custom_padding__hover=&#8221;|||&#8221;][et_pb_text _builder_version=&#8221;4.16&#8243; text_font=&#8221;Montserrat||||&#8221; text_font_size=&#8221;10px&#8221; text_line_height=&#8221;1em&#8221; header_font=&#8221;Montserrat||||&#8221; header_font_size=&#8221;10px&#8221; z_index_tablet=&#8221;500&#8243; text_text_shadow_horizontal_length_tablet=&#8221;0px&#8221; text_text_shadow_vertical_length_tablet=&#8221;0px&#8221; text_text_shadow_blur_strength_tablet=&#8221;1px&#8221; link_text_shadow_horizontal_length_tablet=&#8221;0px&#8221; link_text_shadow_vertical_length_tablet=&#8221;0px&#8221; link_text_shadow_blur_strength_tablet=&#8221;1px&#8221; ul_text_shadow_horizontal_length_tablet=&#8221;0px&#8221; ul_text_shadow_vertical_length_tablet=&#8221;0px&#8221; ul_text_shadow_blur_strength_tablet=&#8221;1px&#8221; ol_text_shadow_horizontal_length_tablet=&#8221;0px&#8221; ol_text_shadow_vertical_length_tablet=&#8221;0px&#8221; ol_text_shadow_blur_strength_tablet=&#8221;1px&#8221; quote_text_shadow_horizontal_length_tablet=&#8221;0px&#8221; quote_text_shadow_vertical_length_tablet=&#8221;0px&#8221; quote_text_shadow_blur_strength_tablet=&#8221;1px&#8221; header_text_shadow_horizontal_length_tablet=&#8221;0px&#8221; header_text_shadow_vertical_length_tablet=&#8221;0px&#8221; header_text_shadow_blur_strength_tablet=&#8221;1px&#8221; header_2_text_shadow_horizontal_length_tablet=&#8221;0px&#8221; header_2_text_shadow_vertical_length_tablet=&#8221;0px&#8221; header_2_text_shadow_blur_strength_tablet=&#8221;1px&#8221; header_3_text_shadow_horizontal_length_tablet=&#8221;0px&#8221; header_3_text_shadow_vertical_length_tablet=&#8221;0px&#8221; header_3_text_shadow_blur_strength_tablet=&#8221;1px&#8221; header_4_text_shadow_horizontal_length_tablet=&#8221;0px&#8221; header_4_text_shadow_vertical_length_tablet=&#8221;0px&#8221; header_4_text_shadow_blur_strength_tablet=&#8221;1px&#8221; header_5_text_shadow_horizontal_length_tablet=&#8221;0px&#8221; header_5_text_shadow_vertical_length_tablet=&#8221;0px&#8221; header_5_text_shadow_blur_strength_tablet=&#8221;1px&#8221; header_6_text_shadow_horizontal_length_tablet=&#8221;0px&#8221; header_6_text_shadow_vertical_length_tablet=&#8221;0px&#8221; header_6_text_shadow_blur_strength_tablet=&#8221;1px&#8221; box_shadow_horizontal_tablet=&#8221;0px&#8221; box_shadow_vertical_tablet=&#8221;0px&#8221; box_shadow_blur_tablet=&#8221;40px&#8221; box_shadow_spread_tablet=&#8221;0px&#8221; global_colors_info=&#8221;{}&#8221;]<\/p>\n<h5><strong><a href=\" https:\/\/pilarbande.com\/en\/\"><span style=\"color: #000000;\">PILAR BANDE<\/span><\/a><\/strong><\/h5>\n<h5><a href=\" https:\/\/pilarbande.com\/en\/eshop-wedding-dresses-made-to-order-in-galicia-spain\/\">Shop<\/a><\/h5>\n<h5><a href=\"\/?page_id=5289\">Atelier<\/a><\/h5>\n<h5><a href=\" https:\/\/pilarbande.com\/en\/lookbook-bride-collection-2018\/\">Lookbook<\/a><\/h5>\n<h5><a href=\" https:\/\/pilarbande.com\/en\/fashion-design-and-unique-pieces-creation-in-galicia-spain\/\">Maison<\/a><\/h5>\n<h5><a href=\" https:\/\/pilarbande.com\/en\/journal-news-and-press\/\">Journal<\/a><\/h5>\n<p>&nbsp;[\/et_pb_text][\/et_pb_column][et_pb_column type=&#8221;1_5&#8243; _builder_version=&#8221;4.16&#8243; custom_padding=&#8221;|||&#8221; global_colors_info=&#8221;{}&#8221; custom_padding__hover=&#8221;|||&#8221;][et_pb_text _builder_version=&#8221;4.16&#8243; text_font_size=&#8221;10&#8243; text_line_height=&#8221;1em&#8221; header_font_size=&#8221;11px&#8221; global_colors_info=&#8221;{}&#8221;]<\/p>\n<h5><strong><a href=\"\/?page_id=5287\"><span style=\"color: #000000;\">SERVICIO AL CLIENTE<\/span><\/a><\/strong><\/h5>\n<h5><a href=\"\/?page_id=6441\">Condiciones<\/a><\/h5>\n<h5><a href=\"\/?page_id=6443\">Pol\u00edtica de privacidad<\/a><\/h5>\n<h5><a href=\"\/?page_id=6426\">Pol\u00edtica de cookies<\/a><\/h5>\n<h5><a href=\"\/?page_id=6433\">Aviso legal<\/a><\/h5>\n<p>[\/et_pb_text][\/et_pb_column][et_pb_column type=&#8221;1_5&#8243; _builder_version=&#8221;4.16&#8243; custom_padding=&#8221;|||&#8221; global_colors_info=&#8221;{}&#8221; custom_padding__hover=&#8221;|||&#8221;][et_pb_text _builder_version=&#8221;4.16&#8243; text_font_size=&#8221;10&#8243; text_line_height=&#8221;1em&#8221; header_font_size=&#8221;11px&#8221; global_colors_info=&#8221;{}&#8221;]<\/p>\n<h5><strong><a href=\" https:\/\/pilarbande.com\/en\/contact-with-fashion-design-studio-in-galicia-spain\/\"><span style=\"color: #000000;\">CONTACT<\/span><\/a><\/strong><\/h5>\n<h5><a href=\" https:\/\/pilarbande.com\/en\/contact-with-fashion-design-studio-in-galicia-spain\/\">Contact<\/a><\/h5>\n<p>&nbsp;[\/et_pb_text][\/et_pb_column][et_pb_column type=&#8221;1_5&#8243; _builder_version=&#8221;4.16&#8243; custom_padding=&#8221;|||&#8221; global_colors_info=&#8221;{}&#8221; custom_padding__hover=&#8221;|||&#8221;][et_pb_text _builder_version=&#8221;4.16&#8243; text_font_size=&#8221;10&#8243; text_line_height=&#8221;1em&#8221; header_font_size=&#8221;11px&#8221; global_colors_info=&#8221;{}&#8221;]<\/p>\n<h5><strong><a href=\"https:\/\/pilarbande.com\/en\/\"><span style=\"color: #000000;\">LENGUAGES<\/span><\/a><\/strong><\/h5>\n<h5><a href=\"https:\/\/pilarbande.com\/en\/\">Espa\u00f1ol<\/a><\/h5>\n<h5><a href=\"https:\/\/pilarbande.com\/en\/\">English<\/a><\/h5>\n<p>&nbsp;[\/et_pb_text][\/et_pb_column][et_pb_column type=&#8221;1_5&#8243; _builder_version=&#8221;4.16&#8243; custom_padding=&#8221;|||&#8221; global_colors_info=&#8221;{}&#8221; custom_padding__hover=&#8221;|||&#8221;][et_pb_text _builder_version=&#8221;4.16&#8243; text_font_size=&#8221;10&#8243; text_line_height=&#8221;1em&#8221; header_font_size=&#8221;11px&#8221; global_colors_info=&#8221;{}&#8221;]<\/p>\n<h5><strong><a href=\"https:\/\/www.facebook.com\/PilarBandeAtelier\/\">FOLLOW US<\/a><\/strong><\/h5>\n<h5><a href=\"https:\/\/www.facebook.com\/PilarBandeAtelier\/\">Facebook<\/a><\/h5>\n<h5><a href=\"https:\/\/www.instagram.com\/pilarbande\/\">Instagram<\/a><\/h5>\n<p>&nbsp;[\/et_pb_text][et_pb_divider show_divider=&#8221;off&#8221; _builder_version=&#8221;4.16&#8243; _module_preset=&#8221;default&#8221; global_colors_info=&#8221;{}&#8221;][\/et_pb_divider][\/et_pb_column][\/et_pb_row][et_pb_row _builder_version=&#8221;4.16&#8243; _module_preset=&#8221;default&#8221; global_colors_info=&#8221;{}&#8221;][et_pb_column type=&#8221;4_4&#8243; _builder_version=&#8221;4.16&#8243; _module_preset=&#8221;default&#8221; global_colors_info=&#8221;{}&#8221;][et_pb_divider divider_weight=&#8221;3px&#8221; admin_label=&#8221;Separador&#8221; _builder_version=&#8221;4.16&#8243; _module_preset=&#8221;default&#8221; global_colors_info=&#8221;{}&#8221;][\/et_pb_divider][et_pb_text _builder_version=&#8221;4.16&#8243; _module_preset=&#8221;default&#8221; global_colors_info=&#8221;{}&#8221;]<\/p>\n<h5 style=\"text-align: center;\"><a href=\"https:\/\/pilarbande.com\/en\/\">copyright fotos y textos : pilar bande<\/a> &#8211; <a href=\"https:\/\/www.espacioazul.net\/\">webdesign : espacio azul<\/a><\/h5>\n<p>[\/et_pb_text][et_pb_divider show_divider=&#8221;off&#8221; _builder_version=&#8221;4.16&#8243; _module_preset=&#8221;default&#8221; global_colors_info=&#8221;{}&#8221;][\/et_pb_divider][et_pb_divider show_divider=&#8221;off&#8221; _builder_version=&#8221;4.16&#8243; _module_preset=&#8221;default&#8221; global_colors_info=&#8221;{}&#8221;][\/et_pb_divider][et_pb_divider show_divider=&#8221;off&#8221; _builder_version=&#8221;4.16&#8243; _module_preset=&#8221;default&#8221; global_colors_info=&#8221;{}&#8221;][\/et_pb_divider][\/et_pb_column][\/et_pb_row][\/et_pb_section]<\/p>\n","protected":false},"excerpt":{"rendered":"<p>PILAR BANDE Shop Atelier Lookbook Maison Journal &nbsp;SERVICIO AL CLIENTE Condiciones Pol\u00edtica de privacidad Pol\u00edtica de cookies Aviso legalCONTACT Contact &nbsp;LENGUAGES Espa\u00f1ol English &nbsp;FOLLOW US Facebook Instagram &nbsp;copyright fotos y textos : pilar bande &#8211; webdesign : espacio azul<\/p>\n","protected":false},"author":1,"featured_media":0,"parent":0,"menu_order":0,"comment_status":"closed","ping_status":"closed","template":"","meta":{"_et_pb_use_builder":"on","_et_pb_old_content":"","_et_gb_content_width":"","footnotes":""},"class_list":["post-5287","page","type-page","status-publish","hentry"],"yoast_head":"<!-- This site is optimized with the Yoast SEO plugin v27.2 - https:\/\/yoast.com\/product\/yoast-seo-wordpress\/ -->\n<title>Eshop - Wedding dresses made to order in Galicia, Spain - PILAR BANDE<\/title>\n<meta name=\"description\" content=\"Eshop - Wedding dresses handmade in Galicia, Spain - Made to order online service of the Pilar Bande studio\" \/>\n<meta name=\"robots\" content=\"index, follow, max-snippet:-1, max-image-preview:large, max-video-preview:-1\" \/>\n<link rel=\"canonical\" href=\"https:\/\/pilarbande.com\/e-shop-vestidos-novia-trajes-a-medida\/\" \/>\n<meta property=\"og:locale\" content=\"en_US\" \/>\n<meta property=\"og:type\" content=\"article\" \/>\n<meta property=\"og:title\" content=\"Eshop - Wedding dresses made to order in Galicia, Spain - PILAR BANDE\" \/>\n<meta property=\"og:description\" content=\"Eshop - Wedding dresses handmade in Galicia, Spain - Made to order online service of the Pilar Bande studio\" \/>\n<meta property=\"og:url\" content=\"https:\/\/pilarbande.com\/e-shop-vestidos-novia-trajes-a-medida\/\" \/>\n<meta property=\"og:site_name\" content=\"PILAR BANDE\" \/>\n<meta property=\"article:modified_time\" content=\"2023-11-08T19:55:23+00:00\" \/>\n<meta name=\"twitter:card\" content=\"summary_large_image\" \/>\n<meta name=\"twitter:label1\" content=\"Est. reading time\" \/>\n\t<meta name=\"twitter:data1\" content=\"8 minutes\" \/>\n<script type=\"application\/ld+json\" class=\"yoast-schema-graph\">{\"@context\":\"https:\/\/schema.org\",\"@graph\":[{\"@type\":\"WebPage\",\"@id\":\"https:\/\/pilarbande.com\/e-shop-vestidos-novia-trajes-a-medida\/\",\"url\":\"https:\/\/pilarbande.com\/e-shop-vestidos-novia-trajes-a-medida\/\",\"name\":\"Eshop - Wedding dresses made to order in Galicia, Spain - PILAR BANDE\",\"isPartOf\":{\"@id\":\"https:\/\/pilarbande.com\/#website\"},\"datePublished\":\"2018-03-07T15:13:28+00:00\",\"dateModified\":\"2023-11-08T19:55:23+00:00\",\"description\":\"Eshop - Wedding dresses handmade in Galicia, Spain - Made to order online service of the Pilar Bande studio\",\"breadcrumb\":{\"@id\":\"https:\/\/pilarbande.com\/e-shop-vestidos-novia-trajes-a-medida\/#breadcrumb\"},\"inLanguage\":\"en-US\",\"potentialAction\":[{\"@type\":\"ReadAction\",\"target\":[\"https:\/\/pilarbande.com\/e-shop-vestidos-novia-trajes-a-medida\/\"]}]},{\"@type\":\"BreadcrumbList\",\"@id\":\"https:\/\/pilarbande.com\/e-shop-vestidos-novia-trajes-a-medida\/#breadcrumb\",\"itemListElement\":[{\"@type\":\"ListItem\",\"position\":1,\"name\":\"Portada\",\"item\":\"https:\/\/pilarbande.com\/en\/\"},{\"@type\":\"ListItem\",\"position\":2,\"name\":\"Eshop &#8211; Wedding dresses made to order in Galicia, Spain\"}]},{\"@type\":\"WebSite\",\"@id\":\"https:\/\/pilarbande.com\/#website\",\"url\":\"https:\/\/pilarbande.com\/\",\"name\":\"PILAR BANDE\",\"description\":\"PILAR BANDE ATELIER\",\"potentialAction\":[{\"@type\":\"SearchAction\",\"target\":{\"@type\":\"EntryPoint\",\"urlTemplate\":\"https:\/\/pilarbande.com\/?s={search_term_string}\"},\"query-input\":{\"@type\":\"PropertyValueSpecification\",\"valueRequired\":true,\"valueName\":\"search_term_string\"}}],\"inLanguage\":\"en-US\"}]}<\/script>\n<!-- \/ Yoast SEO plugin. -->","yoast_head_json":{"title":"Eshop - Wedding dresses made to order in Galicia, Spain - PILAR BANDE","description":"Eshop - Wedding dresses handmade in Galicia, Spain - Made to order online service of the Pilar Bande studio","robots":{"index":"index","follow":"follow","max-snippet":"max-snippet:-1","max-image-preview":"max-image-preview:large","max-video-preview":"max-video-preview:-1"},"canonical":"https:\/\/pilarbande.com\/e-shop-vestidos-novia-trajes-a-medida\/","og_locale":"en_US","og_type":"article","og_title":"Eshop - Wedding dresses made to order in Galicia, Spain - PILAR BANDE","og_description":"Eshop - Wedding dresses handmade in Galicia, Spain - Made to order online service of the Pilar Bande studio","og_url":"https:\/\/pilarbande.com\/e-shop-vestidos-novia-trajes-a-medida\/","og_site_name":"PILAR BANDE","article_modified_time":"2023-11-08T19:55:23+00:00","twitter_card":"summary_large_image","twitter_misc":{"Est. reading time":"8 minutes"},"schema":{"@context":"https:\/\/schema.org","@graph":[{"@type":"WebPage","@id":"https:\/\/pilarbande.com\/e-shop-vestidos-novia-trajes-a-medida\/","url":"https:\/\/pilarbande.com\/e-shop-vestidos-novia-trajes-a-medida\/","name":"Eshop - Wedding dresses made to order in Galicia, Spain - PILAR BANDE","isPartOf":{"@id":"https:\/\/pilarbande.com\/#website"},"datePublished":"2018-03-07T15:13:28+00:00","dateModified":"2023-11-08T19:55:23+00:00","description":"Eshop - Wedding dresses handmade in Galicia, Spain - Made to order online service of the Pilar Bande studio","breadcrumb":{"@id":"https:\/\/pilarbande.com\/e-shop-vestidos-novia-trajes-a-medida\/#breadcrumb"},"inLanguage":"en-US","potentialAction":[{"@type":"ReadAction","target":["https:\/\/pilarbande.com\/e-shop-vestidos-novia-trajes-a-medida\/"]}]},{"@type":"BreadcrumbList","@id":"https:\/\/pilarbande.com\/e-shop-vestidos-novia-trajes-a-medida\/#breadcrumb","itemListElement":[{"@type":"ListItem","position":1,"name":"Portada","item":"https:\/\/pilarbande.com\/en\/"},{"@type":"ListItem","position":2,"name":"Eshop &#8211; Wedding dresses made to order in Galicia, Spain"}]},{"@type":"WebSite","@id":"https:\/\/pilarbande.com\/#website","url":"https:\/\/pilarbande.com\/","name":"PILAR BANDE","description":"PILAR BANDE ATELIER","potentialAction":[{"@type":"SearchAction","target":{"@type":"EntryPoint","urlTemplate":"https:\/\/pilarbande.com\/?s={search_term_string}"},"query-input":{"@type":"PropertyValueSpecification","valueRequired":true,"valueName":"search_term_string"}}],"inLanguage":"en-US"}]}},"_links":{"self":[{"href":"https:\/\/pilarbande.com\/en\/wp-json\/wp\/v2\/pages\/5287","targetHints":{"allow":["GET"]}}],"collection":[{"href":"https:\/\/pilarbande.com\/en\/wp-json\/wp\/v2\/pages"}],"about":[{"href":"https:\/\/pilarbande.com\/en\/wp-json\/wp\/v2\/types\/page"}],"author":[{"embeddable":true,"href":"https:\/\/pilarbande.com\/en\/wp-json\/wp\/v2\/users\/1"}],"replies":[{"embeddable":true,"href":"https:\/\/pilarbande.com\/en\/wp-json\/wp\/v2\/comments?post=5287"}],"version-history":[{"count":0,"href":"https:\/\/pilarbande.com\/en\/wp-json\/wp\/v2\/pages\/5287\/revisions"}],"wp:attachment":[{"href":"https:\/\/pilarbande.com\/en\/wp-json\/wp\/v2\/media?parent=5287"}],"curies":[{"name":"wp","href":"https:\/\/api.w.org\/{rel}","templated":true}]}}